{"id":2,"date":"2011-11-14T16:59:14","date_gmt":"2011-11-14T16:59:14","guid":{"rendered":"http:\/\/hbstan.hr\/test\/?page_id=2"},"modified":"2023-04-02T13:07:06","modified_gmt":"2023-04-02T11:07:06","slug":"primjer-stranice","status":"publish","type":"page","link":"https:\/\/hbstan.hr\/?page_id=2","title":{"rendered":"Stanari"},"content":{"rendered":"<p><img decoding=\"async\" loading=\"lazy\" class=\"alignnone size-full wp-image-222\" title=\"stanari\" src=\"http:\/\/hbstan.hr\/test\/wp-content\/uploads\/2011\/11\/stanari.jpg\" alt=\"\" width=\"600\" height=\"200\" srcset=\"https:\/\/hbstan.hr\/wp-content\/uploads\/2011\/11\/stanari.jpg 600w, https:\/\/hbstan.hr\/wp-content\/uploads\/2011\/11\/stanari-300x100.jpg 300w, https:\/\/hbstan.hr\/wp-content\/uploads\/2011\/11\/stanari-350x116.jpg 350w\" sizes=\"(max-width: 600px) 100vw, 600px\" \/><\/p>\n<p><strong>Po\u0161tovani,<\/strong><\/p>\n<p style=\"text-align: justify;\"><strong>ukoliko do danas niste organizirani po pitanju upravljanja i odr\u017eavanja Va\u0161e zgrade, a svjesni ste zakonske obveze i naro\u010dito potrebe za\u0161tite za Vas i va\u0161u nekretninu ili ako jeste organizirani, a niste zadovoljni radom postoje\u0107eg upravitelja&#8230;<\/strong><\/p>\n<p style=\"text-align: justify;\">slobodni smo Vam dostaviti na\u0161u ponudu za upravljanje i odr\u017eavanje zgrada. \u017delja nam je, koliko je vi\u0161e mogu\u0107e, na ovaj na\u010din, upoznati Vas s mogu\u0107nostima po pitanju upravljanja i odr\u017eavanja zgrada s ciljem udovoljavanja Va\u0161ih \u017eelja i potreba za sveobuhvatnom organizacijom funkcionalnosti Va\u0161e nekretnine.<\/p>\n<p style=\"text-align: justify;\">Upravljanje nekretninom temelji se na <strong>Zakonu o vlasni\u0161tvu i drugim stvarnim pravima<\/strong> (NN br. 91 od 28.06.1996. na snazi od 01.01.1997. godine) i <strong>Uredbi o odr\u017eavanju zgrada<\/strong>\u00a0koja je donesena na osnovu \u010dlanka 387 nare\u010denog Zakona na sjednici Vlade Republike Hrvatske 19.06.1997 godine.<\/p>\n","protected":false},"excerpt":{"rendered":"<p>Po\u0161tovani, ukoliko do danas niste organizirani po pitanju upravljanja i odr\u017eavanja Va\u0161e zgrade, a svjesni ste zakonske obveze i naro\u010dito potrebe za\u0161tite za Vas i va\u0161u nekretninu ili ako jeste organizirani, a niste zadovoljni radom postoje\u0107eg upravitelja&#8230; slobodni smo Vam dostaviti na\u0161u ponudu za upravljanje i odr\u017eavanje zgrada. \u017delja nam je, koliko je vi\u0161e mogu\u0107e, [&hellip;]<\/p>\n","protected":false},"author":1,"featured_media":102,"parent":0,"menu_order":2,"comment_status":"closed","ping_status":"closed","template":"","meta":{"_links_to":"","_links_to_target":""},"_links":{"self":[{"href":"https:\/\/hbstan.hr\/index.php?rest_route=\/wp\/v2\/pages\/2"}],"collection":[{"href":"https:\/\/hbstan.hr\/index.php?rest_route=\/wp\/v2\/pages"}],"about":[{"href":"https:\/\/hbstan.hr\/index.php?rest_route=\/wp\/v2\/types\/page"}],"author":[{"embeddable":true,"href":"https:\/\/hbstan.hr\/index.php?rest_route=\/wp\/v2\/users\/1"}],"replies":[{"embeddable":true,"href":"https:\/\/hbstan.hr\/index.php?rest_route=%2Fwp%2Fv2%2Fcomments&post=2"}],"version-history":[{"count":24,"href":"https:\/\/hbstan.hr\/index.php?rest_route=\/wp\/v2\/pages\/2\/revisions"}],"predecessor-version":[{"id":1277,"href":"https:\/\/hbstan.hr\/index.php?rest_route=\/wp\/v2\/pages\/2\/revisions\/1277"}],"wp:featuredmedia":[{"embeddable":true,"href":"https:\/\/hbstan.hr\/index.php?rest_route=\/wp\/v2\/media\/102"}],"wp:attachment":[{"href":"https:\/\/hbstan.hr\/index.php?rest_route=%2Fwp%2Fv2%2Fmedia&parent=2"}],"curies":[{"name":"wp","href":"https:\/\/api.w.org\/{rel}","templated":true}]}}