{"id":18,"date":"2011-11-15T07:52:06","date_gmt":"2011-11-15T07:52:06","guid":{"rendered":"http:\/\/hbstan.hr\/test\/?page_id=18"},"modified":"2025-07-14T09:30:44","modified_gmt":"2025-07-14T07:30:44","slug":"kontakt","status":"publish","type":"page","link":"https:\/\/hbstan.hr\/?page_id=18","title":{"rendered":"Kontakt"},"content":{"rendered":"<p><strong>HB stan Crikvenica<\/strong><br \/>\n<iframe loading=\"lazy\" src=\"https:\/\/www.google.com\/maps\/d\/embed?mid=18xUol80YLKooHaWVJevEJ2WZoGA\" width=\"600\" height=\"358\"><\/iframe><\/p>\n<p><img decoding=\"async\" loading=\"lazy\" class=\"alignnone wp-image-494\" src=\"http:\/\/hbstan.hr\/wp-content\/uploads\/2011\/11\/logo_hb_old1.png\" alt=\"logo_hb_old\" width=\"240\" height=\"197\" srcset=\"https:\/\/hbstan.hr\/wp-content\/uploads\/2011\/11\/logo_hb_old1.png 340w, https:\/\/hbstan.hr\/wp-content\/uploads\/2011\/11\/logo_hb_old1-300x246.png 300w\" sizes=\"(max-width: 240px) 100vw, 240px\" \/><\/p>\n<p>Lind-grad d.o.o., podru\u017enica HBSTAN<br \/>\nIvana Skomer\u017ee 2 \/ I. kat,<br \/>\n51260 Crikvenica<\/p>\n<ul>\n<li>telefon: 051\/782-017<\/li>\n<li>telefon2: 051\/518-283<\/li>\n<li>e-mail:\u00a0<a href=\"mailto:info@hbstan.hr\">info@hbstan.hr<\/a><\/li>\n<\/ul>\n<p><strong>-KONTAKTI-<\/strong><\/p>\n<p>Haistor Rami\u0107 Sanel, mag. oec.<br \/>\nprokurist<\/p>\n<p>Babi\u010d Renata, bacc. oec.<br \/>\nstru\u010dna referentica<br \/>\ngsm: 091\/241-4574<br \/>\ne-mail: <a href=\"mailto:renata.babic@hbstan.hr\" target=\"_blank\" rel=\"noopener\">renata.babic@hbstan.hr<\/a><\/p>\n<p>Lon\u010dari\u0107 \u017deljka<br \/>\nslu\u017eba financija<br \/>\ntel: 051\/518-283<br \/>\ne-mail:\u00a0<a href=\"mailto:zeljka.loncaric@hbstan.hr\">zeljka.loncaric@hbstan.hr<\/a><\/p>\n<p>Prikaski Marijana<br \/>\nnaselje &#8220;Jadranka&#8221;<\/p>\n<p><strong>-RADNO VRIJEME-<\/strong><\/p>\n<p>ponedjeljak &#8211; petak<br \/>\n7:30 &#8211; 15:30<\/p>\n<p>primanje stranaka<br \/>\n9:00 &#8211; 12:00<\/p>\n","protected":false},"excerpt":{"rendered":"<p>HB stan Crikvenica Lind-grad d.o.o., podru\u017enica HBSTAN Ivana Skomer\u017ee 2 \/ I. kat, 51260 Crikvenica telefon: 051\/782-017 telefon2: 051\/518-283 e-mail:\u00a0info@hbstan.hr -KONTAKTI- Haistor Rami\u0107 Sanel, mag. oec. prokurist Babi\u010d Renata, bacc. oec. stru\u010dna referentica gsm: 091\/241-4574 e-mail: renata.babic@hbstan.hr Lon\u010dari\u0107 \u017deljka slu\u017eba financija tel: 051\/518-283 e-mail:\u00a0zeljka.loncaric@hbstan.hr Prikaski Marijana naselje &#8220;Jadranka&#8221; -RADNO VRIJEME- ponedjeljak &#8211; petak 7:30 &#8211; [&hellip;]<\/p>\n","protected":false},"author":1,"featured_media":108,"parent":0,"menu_order":5,"comment_status":"open","ping_status":"open","template":"","meta":{"_links_to":"","_links_to_target":""},"_links":{"self":[{"href":"https:\/\/hbstan.hr\/index.php?rest_route=\/wp\/v2\/pages\/18"}],"collection":[{"href":"https:\/\/hbstan.hr\/index.php?rest_route=\/wp\/v2\/pages"}],"about":[{"href":"https:\/\/hbstan.hr\/index.php?rest_route=\/wp\/v2\/types\/page"}],"author":[{"embeddable":true,"href":"https:\/\/hbstan.hr\/index.php?rest_route=\/wp\/v2\/users\/1"}],"replies":[{"embeddable":true,"href":"https:\/\/hbstan.hr\/index.php?rest_route=%2Fwp%2Fv2%2Fcomments&post=18"}],"version-history":[{"count":99,"href":"https:\/\/hbstan.hr\/index.php?rest_route=\/wp\/v2\/pages\/18\/revisions"}],"predecessor-version":[{"id":1382,"href":"https:\/\/hbstan.hr\/index.php?rest_route=\/wp\/v2\/pages\/18\/revisions\/1382"}],"wp:featuredmedia":[{"embeddable":true,"href":"https:\/\/hbstan.hr\/index.php?rest_route=\/wp\/v2\/media\/108"}],"wp:attachment":[{"href":"https:\/\/hbstan.hr\/index.php?rest_route=%2Fwp%2Fv2%2Fmedia&parent=18"}],"curies":[{"name":"wp","href":"https:\/\/api.w.org\/{rel}","templated":true}]}}